{"id":550,"date":"2017-11-24T14:11:02","date_gmt":"2017-11-24T13:11:02","guid":{"rendered":"http:\/\/institutescalebeaute.fr\/?page_id=550"},"modified":"2022-03-21T10:48:51","modified_gmt":"2022-03-21T09:48:51","slug":"minceur","status":"publish","type":"page","link":"http:\/\/institutescalebeaute.fr\/?page_id=550","title":{"rendered":"Minceur"},"content":{"rendered":"<\/div><\/div><\/div><!-- close content main div --><\/div><\/div><div id='full_slider_1' class='avia-fullwidth-slider main_color avia-shadow  container_wrap fullsize'   ><div  data-size='featured'  data-lightbox_size='large'  data-animation='slide'  data-ids='311'  data-video_counter='0'  data-autoplay='false'  data-bg_slider='false'  data-slide_height=''  data-handle='av_slideshow_full'  data-interval='5'  data-class=' '  data-css_id=''  data-scroll_down=''  data-control_layout='av-control-default'  data-custom_markup=''  data-perma_caption=''  data-autoplay_stopper=''  data-image_attachment=''  data-src=''  data-position='top left'  data-repeat='no-repeat'  data-attach='scroll'  data-stretch=''  data-default-height='28.666666666667'  class='avia-slideshow avia-slideshow-1  av-control-default av-default-height-applied avia-slideshow-featured av_slideshow_full   avia-slide-slider '  itemscope=\"itemscope\" itemtype=\"https:\/\/schema.org\/ImageObject\" ><ul class='avia-slideshow-inner' style='padding-bottom: 30.714285714286%;'><li  class=' av-single-slide slide-1 ' ><div data-rel='slideshow-1' class='avia-slide-wrap'  ><img src='http:\/\/institutescalebeaute.fr\/wp-content\/uploads\/2015\/07\/spa-towels-1400x430.jpg' width='1400' height='430' title='spa-towels' alt=''  itemprop=\"contentURL\"  \/><\/div><\/li><\/ul><\/div><\/div>\n<div class=\"flex_column av_one_full  flex_column_div av-zero-column-padding first  \" style='border-radius:0px; '><div style='padding-bottom:20px;font-size:40px;' class='av-special-heading av-special-heading-h1  blockquote modern-quote modern-centered  av-inherit-size'><h1 class='av-special-heading-tag'  itemprop=\"headline\"  >Venez tester le cellu M6 Alliance <\/h1><div class='special-heading-border'><div class='special-heading-inner-border' ><\/div><\/div><\/div><\/div>\n<section class=\"av_textblock_section\"  itemscope=\"itemscope\" itemtype=\"https:\/\/schema.org\/CreativeWork\" ><div class='avia_textblock  av_inherit_color'  style='color:#000000; '  itemprop=\"text\" ><p>A l\u2019oppos\u00e9 de nombreuses techniques disponibles sur le march\u00e9, LPG endermologie propose une alternative 100% naturelle : relancer l\u2019activit\u00e9 cellulaire endormie au coeur de notre peau pour lutter contre toutes manifestations inesth\u00e9tiques ( peau rel\u00e2ch\u00e9e, rondeurs rebelles, peau d\u2019orange). La stimulation m\u00e9canique des cellules, appel\u00e9e endermologie, permet ainsi de relancer leur processus de r\u00e9veil, naturellement et sans douleur. Apr\u00e8s plus de 30 ans d\u2019expertises et de recherches scientifiques, LPG cr\u00e9e un nouveau brevet pour ma\u00eetriser tous ces m\u00e9canismes naturels en un seul et m\u00eame traitement. Gr\u00e2ce \u00e0 la nouvelle t\u00eate de traitement brevet\u00e9e Alliance, l&#8217;endermologie permet de cibler et d\u2019affiner les zones qui en ont besoin (bras, dos, ventre, taille, cuisses..) tout en s\u2019adaptant pr\u00e9cis\u00e9ment aux besoins de chaque peau. En un seul et m\u00eame soin, l&#8217;endermologie stimule les cellules minceur (adipocytes) pour r\u00e9activer le d\u00e9stockage naturel des graisses, m\u00eame les plus r\u00e9sistantes \u00e0 l\u2019exercice physique et aux r\u00e9gimes (+ 70 %*). Simultan\u00e9ment, l\u2019action m\u00e9canique de la t\u00eate de traitement raffermit la peau pour lui redonner fermet\u00e9 et tonicit\u00e9. Le nouveau capteur Skin Alliance Identity permet d\u2019adapter la stimulation pr\u00e9cis\u00e9ment \u00e0 chaque identit\u00e9 de peau : l\u2019intensit\u00e9 du soin est optimis\u00e9e, la peau toujours respect\u00e9e. La cellulite, qui touche 90 % des femmes m\u00eame les plus minces et les plus sportives, r\u00e9sulte \u00e0 la fois d\u2019un stockage de graisses dans les adipocytes (cellules graisseuses) et d\u2019une r\u00e9tention d\u2019eau tout autour. Au fur et \u00e0 mesure que les adipocytes grossissent, les cloisons qui les contiennent (septa) tirent sur la surface de la peau et se d\u00e9forment. En parall\u00e8le, la circulation est entrav\u00e9e et les toxines s\u2019accumulent. Apparaissent alors la cellulite et son in\u00e9vitable aspect peau d\u2019orange.<\/p>\n<p>Des cures personnalis\u00e9e vous seront propos\u00e9es selon vos besoins.<\/p>\n<\/div><\/section>\n<div class=\"flex_column av_one_third  flex_column_div av-zero-column-padding first  \" style='border-radius:0px; '><section class=\"av_textblock_section\"  itemscope=\"itemscope\" itemtype=\"https:\/\/schema.org\/CreativeWork\" ><div class='avia_textblock  av_inherit_color'  style='color:#000000; '  itemprop=\"text\" ><p><strong>lA SEANCE DE 20 MINUTES POUR UNE ZONE CIBLEE: 35\u20ac<\/strong><\/p>\n<p><strong>LA SEANCE DE 40 MINUTES POUR 3 A 4 ZONES CIBLEES: 60\u20ac<\/strong><\/p>\n<p><strong>LA CURE DE 10 SEANCES : 560\u20ac<\/strong><\/p>\n<p><strong>LA CURE DE\u00a0 12 SEANCES <\/strong>:<strong> 672 \u20ac<\/strong><\/p>\n<p><strong>LA CURE DE 17 SEANCES <\/strong>\u00a0: <strong>935 \u20ac<\/strong><\/p>\n<\/div><\/section><\/div><div class=\"flex_column av_three_fifth  flex_column_div av-zero-column-padding   \" style='border-radius:0px; '><\/div><\/p>\n","protected":false},"excerpt":{"rendered":"","protected":false},"author":1,"featured_media":0,"parent":0,"menu_order":0,"comment_status":"closed","ping_status":"closed","template":"","meta":{"footnotes":""},"_links":{"self":[{"href":"http:\/\/institutescalebeaute.fr\/index.php?rest_route=\/wp\/v2\/pages\/550"}],"collection":[{"href":"http:\/\/institutescalebeaute.fr\/index.php?rest_route=\/wp\/v2\/pages"}],"about":[{"href":"http:\/\/institutescalebeaute.fr\/index.php?rest_route=\/wp\/v2\/types\/page"}],"author":[{"embeddable":true,"href":"http:\/\/institutescalebeaute.fr\/index.php?rest_route=\/wp\/v2\/users\/1"}],"replies":[{"embeddable":true,"href":"http:\/\/institutescalebeaute.fr\/index.php?rest_route=%2Fwp%2Fv2%2Fcomments&post=550"}],"version-history":[{"count":14,"href":"http:\/\/institutescalebeaute.fr\/index.php?rest_route=\/wp\/v2\/pages\/550\/revisions"}],"predecessor-version":[{"id":803,"href":"http:\/\/institutescalebeaute.fr\/index.php?rest_route=\/wp\/v2\/pages\/550\/revisions\/803"}],"wp:attachment":[{"href":"http:\/\/institutescalebeaute.fr\/index.php?rest_route=%2Fwp%2Fv2%2Fmedia&parent=550"}],"curies":[{"name":"wp","href":"https:\/\/api.w.org\/{rel}","templated":true}]}}