{"id":547,"date":"2017-11-24T14:08:09","date_gmt":"2017-11-24T13:08:09","guid":{"rendered":"http:\/\/institutescalebeaute.fr\/?page_id=547"},"modified":"2022-03-21T10:52:17","modified_gmt":"2022-03-21T09:52:17","slug":"epilations","status":"publish","type":"page","link":"http:\/\/institutescalebeaute.fr\/?page_id=547","title":{"rendered":"Epilations"},"content":{"rendered":"<\/div><\/div><\/div><!-- close content main div --><\/div><\/div><div id='full_slider_1' class='avia-fullwidth-slider main_color avia-shadow  container_wrap fullsize'   ><div  data-size='no scaling'  data-lightbox_size='large'  data-animation='slide'  data-ids='696'  data-video_counter='0'  data-autoplay='false'  data-bg_slider='false'  data-slide_height=''  data-handle='av_slideshow_full'  data-interval='5'  data-class=' '  data-css_id=''  data-scroll_down=''  data-control_layout='av-control-default'  data-custom_markup=''  data-perma_caption=''  data-autoplay_stopper=''  data-image_attachment=''  data-src=''  data-position='top left'  data-repeat='no-repeat'  data-attach='scroll'  data-stretch=''  class='avia-slideshow avia-slideshow-1  av-control-default av-default-height-applied avia-slideshow-no scaling av_slideshow_full   avia-slide-slider '  itemscope=\"itemscope\" itemtype=\"https:\/\/schema.org\/ImageObject\" ><ul class='avia-slideshow-inner' style='padding-bottom: 58.947368421053%;'><li  class=' av-single-slide slide-1 ' ><div data-rel='slideshow-1' class='avia-slide-wrap'  ><img src='http:\/\/institutescalebeaute.fr\/wp-content\/uploads\/2019\/02\/epilation-definitive-femme.jpg' width='855' height='504' title='epilation-definitive-femme' alt=''  itemprop=\"contentURL\"  \/><\/div><\/li><\/ul><\/div><\/div>\n<div class=\"flex_column av_one_full  flex_column_div av-zero-column-padding first  \" style='border-radius:0px; '><section class=\"av_textblock_section\"  itemscope=\"itemscope\" itemtype=\"https:\/\/schema.org\/CreativeWork\" ><div class='avia_textblock  av_inherit_color'  style='color:#0a0a0a; '  itemprop=\"text\" ><p><strong>Nos \u00e9pilations sont r\u00e9alis\u00e9es avec de la cire traditionelle \u00e0 l&#8217;azulene(extrait de camomille aux vertus adoucissantes ).<\/strong><\/p>\n<p><strong>Cire \u00e0 usage unique.<\/strong><\/p>\n<p><strong><span style=\"text-decoration: underline;\">Epilations visage<\/span> :\u00a0<\/strong><\/p>\n<p><strong>Sourcils 9,90 \u20ac<\/strong><\/p>\n<p><strong>L\u00e8vres ou menton 9,90 \u20ac<\/strong><\/p>\n<p><strong>Visage 30 \u20ac \u00a0<\/strong><\/p>\n<p><strong><span style=\"text-decoration: underline;\">Epilations Corps <\/span>:<\/strong><\/p>\n<p><strong>Maillot simple 13 \u20ac<\/strong><\/p>\n<p><strong>Maillot \u00e9chancr\u00e9 18 \u20ac<\/strong><\/p>\n<p><strong>Maillot am\u00e9ricain 25 \u20ac<\/strong><\/p>\n<p><strong>Maillot int\u00e9gral 30 \u20ac<\/strong><\/p>\n<p><strong>Demi-jambes 20 \u20ac<\/strong><\/p>\n<p><strong>Jambes enti\u00e8res 30 \u20ac \u00a0<\/strong><\/p>\n<p><em>Des forfaits sont \u00e9galement propos\u00e9s, n&#8217;hesitez pas \u00e0 nous demander.<\/em><\/p>\n<\/div><\/section><\/div>\n","protected":false},"excerpt":{"rendered":"","protected":false},"author":1,"featured_media":0,"parent":0,"menu_order":0,"comment_status":"closed","ping_status":"closed","template":"","meta":{"footnotes":""},"_links":{"self":[{"href":"http:\/\/institutescalebeaute.fr\/index.php?rest_route=\/wp\/v2\/pages\/547"}],"collection":[{"href":"http:\/\/institutescalebeaute.fr\/index.php?rest_route=\/wp\/v2\/pages"}],"about":[{"href":"http:\/\/institutescalebeaute.fr\/index.php?rest_route=\/wp\/v2\/types\/page"}],"author":[{"embeddable":true,"href":"http:\/\/institutescalebeaute.fr\/index.php?rest_route=\/wp\/v2\/users\/1"}],"replies":[{"embeddable":true,"href":"http:\/\/institutescalebeaute.fr\/index.php?rest_route=%2Fwp%2Fv2%2Fcomments&post=547"}],"version-history":[{"count":14,"href":"http:\/\/institutescalebeaute.fr\/index.php?rest_route=\/wp\/v2\/pages\/547\/revisions"}],"predecessor-version":[{"id":801,"href":"http:\/\/institutescalebeaute.fr\/index.php?rest_route=\/wp\/v2\/pages\/547\/revisions\/801"}],"wp:attachment":[{"href":"http:\/\/institutescalebeaute.fr\/index.php?rest_route=%2Fwp%2Fv2%2Fmedia&parent=547"}],"curies":[{"name":"wp","href":"https:\/\/api.w.org\/{rel}","templated":true}]}}