{"id":511,"date":"2017-11-24T11:44:12","date_gmt":"2017-11-24T10:44:12","guid":{"rendered":"http:\/\/institutescalebeaute.fr\/?page_id=511"},"modified":"2022-03-21T10:37:46","modified_gmt":"2022-03-21T09:37:46","slug":"soins-du-visage","status":"publish","type":"page","link":"http:\/\/institutescalebeaute.fr\/?page_id=511","title":{"rendered":"Soins du visage"},"content":{"rendered":"<\/div><\/div><\/div><!-- close content main div --><\/div><\/div><div id='full_slider_1' class='avia-fullwidth-slider main_color avia-shadow  container_wrap fullsize'   ><div  data-size='large'  data-lightbox_size='large'  data-animation='fade'  data-ids='17'  data-video_counter='0'  data-autoplay='false'  data-bg_slider='false'  data-slide_height=''  data-handle='av_slideshow_full'  data-interval='5'  data-class=' '  data-css_id=''  data-scroll_down=''  data-control_layout='av-control-default'  data-custom_markup=''  data-perma_caption=''  data-autoplay_stopper=''  data-image_attachment=''  data-src=''  data-position='top left'  data-repeat='no-repeat'  data-attach='scroll'  data-stretch=''  class='avia-slideshow avia-slideshow-1  av-control-default av-default-height-applied avia-slideshow-large av_slideshow_full   avia-fade-slider '  itemscope=\"itemscope\" itemtype=\"https:\/\/schema.org\/ImageObject\" ><ul class='avia-slideshow-inner' style='padding-bottom: 39.845474613687%;'><li  class=' av-single-slide slide-1 ' ><div data-rel='slideshow-1' class='avia-slide-wrap'  ><img src='http:\/\/institutescalebeaute.fr\/wp-content\/uploads\/2017\/11\/Olivia_SH2.jpg' width='906' height='361' title='Olivia_SH2' alt=''  itemprop=\"contentURL\"  \/><\/div><\/li><\/ul><\/div><\/div>\n<div style='padding-bottom:20px;font-size:40px;' class='av-special-heading av-special-heading-h1  blockquote modern-quote modern-centered   av-inherit-size'><h1 class='av-special-heading-tag'  itemprop=\"headline\"  >Pour les soins visage :<\/h1><div class='special-heading-border'><div class='special-heading-inner-border' ><\/div><\/div><\/div>\n<\/div><\/div><\/div><!-- close content main div --><\/div><\/div><div id='av-layout-grid-1' class='av-layout-grid-container entry-content-wrapper main_color av-flex-cells  container_wrap fullsize'   >\n<div class=\"flex_cell no_margin av_one_half   \" style='vertical-align:top; padding:30px; '><div class='flex_cell_inner' ><p><div style='padding-bottom:10px;' class='av-special-heading av-special-heading-h2  blockquote modern-quote  '><h2 class='av-special-heading-tag'  itemprop=\"headline\"  > Le Soin professionnel apaisant \u00e0 l\u2019Eau Thermale Spa.<\/h2><div class='special-heading-border'><div class='special-heading-inner-border' ><\/div><\/div><\/div><br \/>\n<section class=\"av_textblock_section\"  itemscope=\"itemscope\" itemtype=\"https:\/\/schema.org\/CreativeWork\" ><div class='avia_textblock '   itemprop=\"text\" ><p>Les textures ultra douces de ce soin ont \u00e9t\u00e9 formul\u00e9es pour respecter la sensibilit\u00e9 de chaque peau.<\/p>\n<p>Une peau plus confortable et apais\u00e9e, une diminution des rougeurs\u00a0et de la sensibilit\u00e9 de la peau .<\/p>\n<\/div><\/section><br \/>\n<div class=\"flex_column av_one_half  flex_column_div av-zero-column-padding first  \" style='border-radius:0px; '><section class=\"av_textblock_section\"  itemscope=\"itemscope\" itemtype=\"https:\/\/schema.org\/CreativeWork\" ><div class='avia_textblock  av_inherit_color'  style='color:#d6006e; '  itemprop=\"text\" ><p><strong>1 heure 15<\/strong><\/p>\n<\/div><\/section><\/div><div class=\"flex_column av_one_half  flex_column_div av-zero-column-padding   \" style='border-radius:0px; '><section class=\"av_textblock_section\"  itemscope=\"itemscope\" itemtype=\"https:\/\/schema.org\/CreativeWork\" ><div class='avia_textblock  av_inherit_color'  style='color:#d6006e; '  itemprop=\"text\" ><p><strong>75 \u20ac<\/strong><\/p>\n<\/div><\/section><\/div><\/p>\n<\/div><\/div><div class=\"flex_cell no_margin av_one_half   av-zero-padding \" style='vertical-align:middle; padding:0px; background-color:#e7b8b8; '><div class='flex_cell_inner' >\n<\/div><\/div>\n<\/div>\n<\/div><\/div><\/div><!-- close content main div --><\/div><\/div><div id='av-layout-grid-2' class='av-layout-grid-container entry-content-wrapper main_color av-flex-cells  container_wrap fullsize'   >\n<div class=\"flex_cell no_margin av_one_half   av-zero-padding \" style='vertical-align:middle; padding:0px; background-color:#e7b8b8; '><div class='flex_cell_inner' >\n<\/div><\/div><div class=\"flex_cell no_margin av_one_half   \" style='vertical-align:top; padding:30px; '><div class='flex_cell_inner' ><p><div style='padding-bottom:10px;' class='av-special-heading av-special-heading-h2  blockquote modern-quote  '><h2 class='av-special-heading-tag'  itemprop=\"headline\"  > Le soin nettoyant <\/h2><div class='special-heading-border'><div class='special-heading-inner-border' ><\/div><\/div><\/div><br \/>\n<section class=\"av_textblock_section\"  itemscope=\"itemscope\" itemtype=\"https:\/\/schema.org\/CreativeWork\" ><div class='avia_textblock '   itemprop=\"text\" ><p>Concentr\u00e9 en actifs puissants, un soin en 4 temps pour retrouver une peau nette et d\u00e9barrass\u00e9e des imperfections.<\/p>\n<p>La peau est prot\u00e9g\u00e9e, matifi\u00e9e, nette.<\/p>\n<\/div><\/section><br \/>\n<div class=\"flex_column av_one_half  flex_column_div av-zero-column-padding first  \" style='border-radius:0px; '><section class=\"av_textblock_section\"  itemscope=\"itemscope\" itemtype=\"https:\/\/schema.org\/CreativeWork\" ><div class='avia_textblock  av_inherit_color'  style='color:#d6006e; '  itemprop=\"text\" ><p><strong>1 heure<\/strong><\/p>\n<\/div><\/section><\/div><div class=\"flex_column av_one_half  flex_column_div av-zero-column-padding   \" style='border-radius:0px; '><section class=\"av_textblock_section\"  itemscope=\"itemscope\" itemtype=\"https:\/\/schema.org\/CreativeWork\" ><div class='avia_textblock  av_inherit_color'  style='color:#d6006e; '  itemprop=\"text\" ><p><strong>60 \u20ac<\/strong><\/p>\n<\/div><\/section><\/div><\/p>\n<\/div><\/div><\/div><\/div><\/div><\/div><!-- close content main div --><\/div><\/div><div id='av-layout-grid-3' class='av-layout-grid-container entry-content-wrapper main_color av-flex-cells  container_wrap fullsize'   >\n<div class=\"flex_cell no_margin av_one_half   \" style='vertical-align:top; padding:30px; '><div class='flex_cell_inner' ><p><div style='padding-bottom:10px;' class='av-special-heading av-special-heading-h2  blockquote modern-quote  '><h2 class='av-special-heading-tag'  itemprop=\"headline\"  >Traitement intensif \u00e9nergisant \u00e0 l\u2019Eleuth\u00e9rocoque<\/h2><div class='special-heading-border'><div class='special-heading-inner-border' ><\/div><\/div><\/div><br \/>\n<section class=\"av_textblock_section\"  itemscope=\"itemscope\" itemtype=\"https:\/\/schema.org\/CreativeWork\" ><div class='avia_textblock '   itemprop=\"text\" ><p>V\u00e9ritable booster, ce soin 100% manuel incluant une phase de nettoyage profond est id\u00e9al seul ou en pr\u00e9paration d\u2019une cure de Traitement intensif anti-\u00e2ge ou hydratant pour redonner \u00e9nergie et \u00e9clat \u00e0 la peau.<\/p>\n<\/div><\/section><br \/>\n<div class=\"flex_column av_one_half  flex_column_div av-zero-column-padding first  \" style='border-radius:0px; '><section class=\"av_textblock_section\"  itemscope=\"itemscope\" itemtype=\"https:\/\/schema.org\/CreativeWork\" ><div class='avia_textblock  av_inherit_color'  style='color:#d6006e; '  itemprop=\"text\" ><p><strong>1 heure 15<\/strong><\/p>\n<\/div><\/section><\/div><div class=\"flex_column av_one_half  flex_column_div av-zero-column-padding   \" style='border-radius:0px; '><section class=\"av_textblock_section\"  itemscope=\"itemscope\" itemtype=\"https:\/\/schema.org\/CreativeWork\" ><div class='avia_textblock  av_inherit_color'  style='color:#d6006e; '  itemprop=\"text\" ><p><strong>80 \u20ac<\/strong><\/p>\n<\/div><\/section><\/div><\/p>\n<\/div><\/div><div class=\"flex_cell no_margin av_one_half   av-zero-padding \" style='vertical-align:middle; padding:0px; background-color:#e7b8b8; '><div class='flex_cell_inner' ><div class='avia-image-container  av-styling-   avia-align-center '  itemscope=\"itemscope\" itemtype=\"https:\/\/schema.org\/ImageObject\"  ><div class='avia-image-container-inner'><img class='avia_image ' src='http:\/\/institutescalebeaute.fr\/wp-content\/uploads\/2017\/11\/Olivia_slim_2_1347.jpg' alt='' title='Olivia_slim_2_1347'   itemprop=\"contentURL\"  \/><\/div><\/div>\n<\/div><\/div>\n<\/div><\/p>\n<\/div><\/div><\/div><!-- close content main div --><\/div><\/div><div id='av-layout-grid-4' class='av-layout-grid-container entry-content-wrapper main_color av-flex-cells  container_wrap fullsize'   >\n<div class=\"flex_cell no_margin av_one_half   av-zero-padding \" style='vertical-align:middle; padding:0px; background-color:#e7b8b8; '><div class='flex_cell_inner' >\n<\/div><\/div><div class=\"flex_cell no_margin av_one_half   \" style='vertical-align:top; padding:30px; '><div class='flex_cell_inner' ><p><div style='padding-bottom:10px;' class='av-special-heading av-special-heading-h2  blockquote modern-quote  '><h2 class='av-special-heading-tag'  itemprop=\"headline\"  >Traitement intensif hydratant \u00e0 l\u2019acide hyaluronique<\/h2><div class='special-heading-border'><div class='special-heading-inner-border' ><\/div><\/div><\/div><br \/>\n<section class=\"av_textblock_section\"  itemscope=\"itemscope\" itemtype=\"https:\/\/schema.org\/CreativeWork\" ><div class='avia_textblock '   itemprop=\"text\" ><p>Alliance parfaite de technicit\u00e9 et de sensorialit\u00e9, ce soin associe des textures ultra confortables \u00e0 des actifs haute performance pour inonder la peau de bien-\u00eatre et lui procurer une sensation d\u2019hydratation absolue.<\/p>\n<\/div><\/section><br \/>\n<div class=\"flex_column av_one_half  flex_column_div av-zero-column-padding first  \" style='border-radius:0px; '><section class=\"av_textblock_section\"  itemscope=\"itemscope\" itemtype=\"https:\/\/schema.org\/CreativeWork\" ><div class='avia_textblock  av_inherit_color'  style='color:#d6006e; '  itemprop=\"text\" ><p><strong>1 heure 15<\/strong><\/p>\n<\/div><\/section><\/div><div class=\"flex_column av_one_half  flex_column_div av-zero-column-padding   \" style='border-radius:0px; '><section class=\"av_textblock_section\"  itemscope=\"itemscope\" itemtype=\"https:\/\/schema.org\/CreativeWork\" ><div class='avia_textblock  av_inherit_color'  style='color:#d6006e; '  itemprop=\"text\" ><p><strong>75 \u20ac<\/strong><\/p>\n<\/div><\/section><\/div><\/p>\n<\/div><\/div>\n<\/div>\n<\/div><\/div><\/div><!-- close content main div --><\/div><\/div><div id='av-layout-grid-5' class='av-layout-grid-container entry-content-wrapper main_color av-flex-cells  container_wrap fullsize'   >\n<div class=\"flex_cell no_margin av_one_half   \" style='vertical-align:top; padding:30px; '><div class='flex_cell_inner' ><p><div style='padding-bottom:10px;' class='av-special-heading av-special-heading-h2  blockquote modern-quote  '><h2 class='av-special-heading-tag'  itemprop=\"headline\"  >Traitement intensif Tri-Complexe BP3 <\/h2><div class='special-heading-border'><div class='special-heading-inner-border' ><\/div><\/div><\/div><br \/>\n<div style='padding-bottom:10px;' class='av-special-heading av-special-heading-h2  blockquote modern-quote  '><h2 class='av-special-heading-tag'  itemprop=\"headline\"  >(Safran, sophora, peptides)<\/h2><div class='special-heading-border'><div class='special-heading-inner-border' ><\/div><\/div><\/div><br \/>\n<section class=\"av_textblock_section\"  itemscope=\"itemscope\" itemtype=\"https:\/\/schema.org\/CreativeWork\" ><div class='avia_textblock '   itemprop=\"text\" ><p>Premier Traitement intensif anti\u00e2ge adapt\u00e9 \u00e0 l\u2019\u00e2ge r\u00e9el de votre peau, selon un diagnostic r\u00e9alis\u00e9 avant le soin.<\/p>\n<p>Un soin professionnel m\u00ealant technologie et gestuelles exclusives pour une efficacit\u00e9 prouv\u00e9e et durable.<\/p>\n<p>Un programme anti-\u00e2ge sur-mesure.<\/p>\n<\/div><\/section><br \/>\n<div class=\"flex_column av_one_half  flex_column_div av-zero-column-padding first  \" style='border-radius:0px; '><section class=\"av_textblock_section\"  itemscope=\"itemscope\" itemtype=\"https:\/\/schema.org\/CreativeWork\" ><div class='avia_textblock  av_inherit_color'  style='color:#d6006e; '  itemprop=\"text\" ><p><strong>1 heure 15<\/strong><\/p>\n<\/div><\/section><\/div><div class=\"flex_column av_one_half  flex_column_div av-zero-column-padding   \" style='border-radius:0px; '><section class=\"av_textblock_section\"  itemscope=\"itemscope\" itemtype=\"https:\/\/schema.org\/CreativeWork\" ><div class='avia_textblock  av_inherit_color'  style='color:#d6006e; '  itemprop=\"text\" ><p><strong>75 \u20ac<\/strong><\/p>\n<\/div><\/section><\/div><\/p>\n<\/div><\/div><div class=\"flex_cell no_margin av_one_half   av-zero-padding \" style='vertical-align:middle; padding:0px; background-color:#e7b8b8; '><div class='flex_cell_inner' >\n<\/div><\/div>\n<\/div>\n<\/div><\/div><\/div><!-- close content main div --><\/div><\/div><div id='av-layout-grid-6' class='av-layout-grid-container entry-content-wrapper main_color av-flex-cells  container_wrap fullsize'   >\n<div class=\"flex_cell no_margin av_one_half   av-zero-padding \" style='vertical-align:middle; padding:0px; background-color:#e7b8b8; '><div class='flex_cell_inner' >\n<\/div><\/div><div class=\"flex_cell no_margin av_one_half   \" style='vertical-align:top; padding:30px; '><div class='flex_cell_inner' ><p><div style='padding-bottom:10px;' class='av-special-heading av-special-heading-h2  blockquote modern-quote  '><h2 class='av-special-heading-tag'  itemprop=\"headline\"  >Soin peeling resurfa\u00e7ant<\/h2><div class='special-heading-border'><div class='special-heading-inner-border' ><\/div><\/div><\/div><br \/>\n<section class=\"av_textblock_section\"  itemscope=\"itemscope\" itemtype=\"https:\/\/schema.org\/CreativeWork\" ><div class='avia_textblock '   itemprop=\"text\" ><p>Un soin inspir\u00e9 des techniques m\u00e9dicales qui r\u00e9nove intens\u00e9ment la peau<\/p>\n<p>Au c\u009cour de ce soin, 2 m\u00e9thodes d\u2019exfoliation reconnues : peeling (chimique) et micro-dermabrasion (m\u00e9canique) pour un nettoyage haute performance.<\/p>\n<\/div><\/section><br \/>\n<div class=\"flex_column av_one_half  flex_column_div av-zero-column-padding first  \" style='border-radius:0px; '><section class=\"av_textblock_section\"  itemscope=\"itemscope\" itemtype=\"https:\/\/schema.org\/CreativeWork\" ><div class='avia_textblock  av_inherit_color'  style='color:#d6006e; '  itemprop=\"text\" ><p><strong>1 heure<\/strong><\/p>\n<\/div><\/section><\/div><div class=\"flex_column av_one_half  flex_column_div av-zero-column-padding   \" style='border-radius:0px; '><section class=\"av_textblock_section\"  itemscope=\"itemscope\" itemtype=\"https:\/\/schema.org\/CreativeWork\" ><div class='avia_textblock  av_inherit_color'  style='color:#d6006e; '  itemprop=\"text\" ><p><strong>75 \u20ac<\/strong><\/p>\n<\/div><\/section><\/div><\/p>\n<\/div><\/div>\n<\/div>\n<\/div><\/div><\/div><!-- close content main div --><\/div><\/div><div id='av-layout-grid-7' class='av-layout-grid-container entry-content-wrapper main_color av-flex-cells  container_wrap fullsize'   >\n<div class=\"flex_cell no_margin av_one_half   \" style='vertical-align:top; padding:30px; '><div class='flex_cell_inner' ><p><div style='padding-bottom:10px;' class='av-special-heading av-special-heading-h2  blockquote modern-quote  '><h2 class='av-special-heading-tag'  itemprop=\"headline\"  >Soin contour des yeux<\/h2><div class='special-heading-border'><div class='special-heading-inner-border' ><\/div><\/div><\/div><br \/>\n<section class=\"av_textblock_section\"  itemscope=\"itemscope\" itemtype=\"https:\/\/schema.org\/CreativeWork\" ><div class='avia_textblock '   itemprop=\"text\" ><p>Soin sp\u00e9cifiquement \u00e9tudi\u00e9 pour la zone du contour de l\u2019\u009c\u0153il, il permet d\u2019estomper imm\u00e9diatement les signes de fatigue et de vieillissement.<\/p>\n<\/div><\/section><br \/>\n<div class=\"flex_column av_one_half  flex_column_div av-zero-column-padding first  \" style='border-radius:0px; '><section class=\"av_textblock_section\"  itemscope=\"itemscope\" itemtype=\"https:\/\/schema.org\/CreativeWork\" ><div class='avia_textblock  av_inherit_color'  style='color:#d6006e; '  itemprop=\"text\" ><p><strong>45 minutes<\/strong><\/p>\n<\/div><\/section><\/div><div class=\"flex_column av_one_half  flex_column_div av-zero-column-padding   \" style='border-radius:0px; '><section class=\"av_textblock_section\"  itemscope=\"itemscope\" itemtype=\"https:\/\/schema.org\/CreativeWork\" ><div class='avia_textblock  av_inherit_color'  style='color:#d6006e; '  itemprop=\"text\" ><p><strong>45 \u20ac<\/strong><\/p>\n<\/div><\/section><\/div><\/p>\n<\/div><\/div><div class=\"flex_cell no_margin av_one_half   av-zero-padding \" style='vertical-align:middle; padding:0px; background-color:#e7b8b8; '><div class='flex_cell_inner' ><div class='avia-image-container  av-styling-   avia-align-center '  itemscope=\"itemscope\" itemtype=\"https:\/\/schema.org\/ImageObject\"  ><div class='avia-image-container-inner'><img class='avia_image ' src='http:\/\/institutescalebeaute.fr\/wp-content\/uploads\/2017\/11\/Fundamental_classic_treatment_1249_450-300x120.jpg' alt='' title='Fundamental_classic_treatment_1249_450'   itemprop=\"contentURL\"  \/><\/div><\/div>\n<\/div><\/div>\n<\/div>\n<\/div><\/div><\/div><!-- close content main div --><\/div><\/div><div id='av-layout-grid-8' class='av-layout-grid-container entry-content-wrapper main_color av-flex-cells  container_wrap fullsize'   >\n<div class=\"flex_cell no_margin av_one_half   av-zero-padding \" style='vertical-align:middle; padding:0px; background-color:#e7b8b8; '><div class='flex_cell_inner' >\n<\/div><\/div><div class=\"flex_cell no_margin av_one_half   \" style='vertical-align:top; padding:30px; '><div class='flex_cell_inner' ><p><div style='padding-bottom:10px;' class='av-special-heading av-special-heading-h2  blockquote modern-quote  '><h2 class='av-special-heading-tag'  itemprop=\"headline\"  >Massage Japonais<\/h2><div class='special-heading-border'><div class='special-heading-inner-border' ><\/div><\/div><\/div><br \/>\n<section class=\"av_textblock_section\"  itemscope=\"itemscope\" itemtype=\"https:\/\/schema.org\/CreativeWork\" ><div class='avia_textblock '   itemprop=\"text\" ><p>Ce massage inspir\u00e9 du japon,r\u00e9alis\u00e9 avec une huile de rose musqu\u00e9e va r\u00e9g\u00e9n\u00e9rer les cellules et aura une action anti-age .<\/p>\n<p>Une heure de bien-\u00eatre, de d\u00e9tente , d\u2019\u00e9vasion.<\/p>\n<\/div><\/section><br \/>\n<div class=\"flex_column av_one_half  flex_column_div av-zero-column-padding first  \" style='border-radius:0px; '><section class=\"av_textblock_section\"  itemscope=\"itemscope\" itemtype=\"https:\/\/schema.org\/CreativeWork\" ><div class='avia_textblock  av_inherit_color'  style='color:#d6006e; '  itemprop=\"text\" ><p><strong>1 heure<\/strong><\/p>\n<\/div><\/section><\/div><div class=\"flex_column av_one_half  flex_column_div av-zero-column-padding   \" style='border-radius:0px; '><section class=\"av_textblock_section\"  itemscope=\"itemscope\" itemtype=\"https:\/\/schema.org\/CreativeWork\" ><div class='avia_textblock  av_inherit_color'  style='color:#d6006e; '  itemprop=\"text\" ><p><strong>60 \u20ac<\/strong><\/p>\n<\/div><\/section><\/div><\/p>\n<\/div><\/div>\n<\/div>\n<\/div><\/div><\/div><!-- close content main div --><\/div><\/div><div id='av-layout-grid-9' class='av-layout-grid-container entry-content-wrapper main_color av-flex-cells  container_wrap fullsize'   >\n<div class=\"flex_cell no_margin av_one_full   av-zero-padding \" style='vertical-align:top; padding:0px; background-color:#e7b8b8; '><div class='flex_cell_inner' ><section class=\"av_textblock_section\"  itemscope=\"itemscope\" itemtype=\"https:\/\/schema.org\/CreativeWork\" ><div class='avia_textblock '  style='font-size:10px; '  itemprop=\"text\" ><\/div><\/section>\n<\/div><\/div>\n<\/div>\n","protected":false},"excerpt":{"rendered":"","protected":false},"author":1,"featured_media":0,"parent":0,"menu_order":0,"comment_status":"closed","ping_status":"closed","template":"","meta":{"footnotes":""},"_links":{"self":[{"href":"http:\/\/institutescalebeaute.fr\/index.php?rest_route=\/wp\/v2\/pages\/511"}],"collection":[{"href":"http:\/\/institutescalebeaute.fr\/index.php?rest_route=\/wp\/v2\/pages"}],"about":[{"href":"http:\/\/institutescalebeaute.fr\/index.php?rest_route=\/wp\/v2\/types\/page"}],"author":[{"embeddable":true,"href":"http:\/\/institutescalebeaute.fr\/index.php?rest_route=\/wp\/v2\/users\/1"}],"replies":[{"embeddable":true,"href":"http:\/\/institutescalebeaute.fr\/index.php?rest_route=%2Fwp%2Fv2%2Fcomments&post=511"}],"version-history":[{"count":26,"href":"http:\/\/institutescalebeaute.fr\/index.php?rest_route=\/wp\/v2\/pages\/511\/revisions"}],"predecessor-version":[{"id":798,"href":"http:\/\/institutescalebeaute.fr\/index.php?rest_route=\/wp\/v2\/pages\/511\/revisions\/798"}],"wp:attachment":[{"href":"http:\/\/institutescalebeaute.fr\/index.php?rest_route=%2Fwp%2Fv2%2Fmedia&parent=511"}],"curies":[{"name":"wp","href":"https:\/\/api.w.org\/{rel}","templated":true}]}}